{"id":14,"date":"2016-04-06T00:25:51","date_gmt":"2016-04-05T22:25:51","guid":{"rendered":"http:\/\/iuk-fwbochum.de\/?page_id=14"},"modified":"2020-07-14T09:35:42","modified_gmt":"2020-07-14T07:35:42","slug":"ueber-uns","status":"publish","type":"page","link":"https:\/\/iuk-fwbochum.de\/?page_id=14","title":{"rendered":"\u00dcber uns"},"content":{"rendered":"<p><strong>Das Aufgabenspektrum der Sondereinheit&nbsp;f\u00fcr&nbsp;Information und Kommunikation:<\/strong><\/p>\n<p>Bei Gro\u00dfschadenslagen steht der \u00d6rtlichen Einsatzleitung (\u00d6EL) der G-<wbr>EKW (Gro\u00df-<wbr>Einsatzkommandowagen) als F\u00fchrungsmittel zur Verf\u00fcgung. Aufgabe der SE Iuk ist es, das Fahrzeug zur Einsatzstelle zu bringen, die Einsatzbereitschaft des G-<wbr>EKW herzustellen und die gesamte Kommunikation (Funk, Telefon und Fax) w\u00e4hrend des Einsatzes zu betreiben.<\/p>\n<p>Ferner geh\u00f6rt es innerhalb der \u00d6EL zu den Aufgaben der IuK-<wbr>Einheit das Einsatzprotokoll zu f\u00fchren und f\u00fcr den F\u00fchrer der Lagekarte die ben\u00f6tigten Informationen aus der Einsatzstelle zu ermitteln.<\/p>\n<p>Des Weiteren stellt die SE IuK bei Bedarf auch den F\u00fchrer f\u00fcr den Bereitstellungsraum.<\/p>\n<p>Ist bei einem Einsatz unterhalb der Gro\u00dfschadenslagen der ELW 1-<wbr>1 \u00fcber einen l\u00e4ngeren Zeitraum an der Einsatzstelle gebunden, besetzt die IuK-<wbr>Einheit den ELW 1-<wbr>2 mit Fahrer und Sprechfunker. Bei solch gr\u00f6\u00dferen Eins\u00e4tzen verst\u00e4rkt die SE IuK auch den ELW 1-<wbr>1, um den Disponent im ELW zu unterst\u00fctzen.<\/p>\n<p>Wird bei einem Kampfmittelfund mit einer gro\u00dfr\u00e4umigen Evakuierung der Bev\u00f6lkerung, oder bei einer Gro\u00dfveranstaltung mit einer Brandsicherheitswache und \/ oder einem Sanit\u00e4tsdienst der G-<wbr>EKW oder der ELW 1-<wbr>2 f\u00fcr die Einsatzleitung ben\u00f6tigt, \u00fcbernimmt auch hier die SE IuK die Aufgaben wie bei einer Gro\u00dfschadenslage.<\/p>\n<p>Kommt es im Bochumer Stadtgebiet zu einer dezentralen oder fl\u00e4chendeckenden Gro\u00dfschadenslage (z.B. Unwettereins\u00e4tze) wird die IuK-<wbr>Einheit auch im r\u00fcckw\u00e4rtigen Bereich der Leitstelle eingesetzt.<\/p>\n<p>Im Regierungsbezirk Arnsberg sind die Feuerwehren der Kreise und kreisfreien St\u00e4dte in f\u00fcnf Bereitschaften zusammengefasst. Sind zwei oder mehr Bereitschaften im Einsatz, ist es Aufgabe der &nbsp;Feuerwehr Bochum mit einem F\u00fchrungsstab die so genannte \u201cAbteilungsf\u00fchrung im Regierungsbezirk Arnsberg\u201d f\u00fcr die eingesetzten Bereitschaften zu \u00fcbernehmen. Als F\u00fchrungsmittel dient der G-<wbr>EKW. Die Aufgaben der SE IuK sind auch hier dieselben wie bei einer Gro\u00dfschadenslage auf Bochumer Stadtgebiet. Zus\u00e4tzlich stellt die IuK-<wbr>Einheit auch Fahrer, Melder und Sprechfunker f\u00fcr die Kommandowagen (KdoW) des Abteilungsf\u00fchrers und der Erkunder.<\/p>\n<p>Ist die Bereitschaft 2 des Regierungsbezirks Arnsberg, bestehend aus den Feuerwehren der St\u00e4dte Bochum und Herne im Einsatz, stellt die Feuerwehr Bochum auch die Bereitschaftsf\u00fchrung f\u00fcr die 2. Bereitschaft. Als F\u00fchrungsmittel dient der ELW 1-<wbr>2 mit Fahrer und Sprechfunker der SE IuK. Auch hier werden von der IuK-<wbr>Einheit die Fahrer, Melder und Sprechfunker f\u00fcr die Kommandowagen (KdoW) des Bereitschaftsf\u00fchrers und der Erkunder gestellt.<\/p>\n<p>Seit M\u00e4rz 2008 hat die Feuerwehr Bochum auch die Funktion einer Mobilen F\u00fchrungsunterst\u00fctzung im Regierungsbezirk Arnsberg, kurz: MoF\u00fcst Bezirk Arnsberg. MoF\u00fcst-<wbr>Einheiten mit einer stabsm\u00e4\u00dfigen F\u00fchrung k\u00f6nnen im gesamten Bundesgebiet eingesetzt werden, z. B. bei langwierigen, gr\u00f6\u00dferen Schadenslagen wie Hochwasser oder ausgedehnten Waldbr\u00e4nden, Terroranschl\u00e4gen, aber auch bei Mega-<wbr>Veranstaltungen wie Fu\u00dfball-<wbr>WM oder Love-<wbr>Parade. Bei einer MoF\u00fcst-<wbr>Alarmierung \u00fcbernimmt die SE IuK dieselben Aufgaben wie bei der Abteilungsf\u00fchrung f\u00fcr den Regierungsbezirk Arnsberg.<\/p>\n","protected":false},"excerpt":{"rendered":"<p>Das Aufgabenspektrum der Sondereinheit&nbsp;f\u00fcr&nbsp;Information und Kommunikation: Bei Gro\u00dfschadenslagen steht der \u00d6rtlichen Einsatzleitung (\u00d6EL) der G-EKW (Gro\u00df-Einsatzkommandowagen) als F\u00fchrungsmittel zur Verf\u00fcgung.<\/p>\n","protected":false},"author":1,"featured_media":0,"parent":0,"menu_order":0,"comment_status":"closed","ping_status":"closed","template":"","meta":{"colormag_page_container_layout":"default_layout","colormag_page_sidebar_layout":"default_layout","footnotes":""},"class_list":["post-14","page","type-page","status-publish","hentry"],"_links":{"self":[{"href":"https:\/\/iuk-fwbochum.de\/index.php?rest_route=\/wp\/v2\/pages\/14","targetHints":{"allow":["GET"]}}],"collection":[{"href":"https:\/\/iuk-fwbochum.de\/index.php?rest_route=\/wp\/v2\/pages"}],"about":[{"href":"https:\/\/iuk-fwbochum.de\/index.php?rest_route=\/wp\/v2\/types\/page"}],"author":[{"embeddable":true,"href":"https:\/\/iuk-fwbochum.de\/index.php?rest_route=\/wp\/v2\/users\/1"}],"replies":[{"embeddable":true,"href":"https:\/\/iuk-fwbochum.de\/index.php?rest_route=%2Fwp%2Fv2%2Fcomments&post=14"}],"version-history":[{"count":4,"href":"https:\/\/iuk-fwbochum.de\/index.php?rest_route=\/wp\/v2\/pages\/14\/revisions"}],"predecessor-version":[{"id":1089,"href":"https:\/\/iuk-fwbochum.de\/index.php?rest_route=\/wp\/v2\/pages\/14\/revisions\/1089"}],"wp:attachment":[{"href":"https:\/\/iuk-fwbochum.de\/index.php?rest_route=%2Fwp%2Fv2%2Fmedia&parent=14"}],"curies":[{"name":"wp","href":"https:\/\/api.w.org\/{rel}","templated":true}]}}