{"id":28,"date":"2016-04-06T00:37:05","date_gmt":"2016-04-05T22:37:05","guid":{"rendered":"http:\/\/iuk-fwbochum.de\/?page_id=28"},"modified":"2016-06-17T08:47:25","modified_gmt":"2016-06-17T06:47:25","slug":"gekw-3-elw-3-1","status":"publish","type":"page","link":"https:\/\/iuk-fwbochum.de\/?page_id=28","title":{"rendered":"3 ELW 3-1 (GEKW)"},"content":{"rendered":"<h1 style=\"text-align: left;\"><span style=\"color: #000000;\">Gro\u00dfraum-Einsatz-Kommando-Wagen<\/span> <span style=\"color: #ff0000;\"><strong>GEKW<\/strong><\/span><\/h1>\n<p>Fahrzeughersteller: Mercedes Benz<br \/>\nFahrzeugtyp: O 404 &#8211; 15 R (EZ: Mai 1996)<br \/>\nHalter: Feuerwehr Stadt Bochum<\/p>\n<h2><span style=\"color: #000000;\">Fahrzeug<\/span><\/h2>\n<p>Ein Einsatzleitwagen nach Norm konnte die Anforderungen der Feuerwehr Bochum nicht erf\u00fcllen, daher wurde mit der FW Bochum, der Firma Binz und der Baumeister &amp; Trabandt GmbH ein neues Fahrzeugkonzept entwickelt &#8211; der Gro\u00dfraum-Einsatz-Kommando-Wagen (GEKW).<br \/>\nDer 12 m lange Fernreisebus ist aufgeteilt in Fahrer-, Funk- und Konferenzraum mit angrenzendem Stauraum. In den Gep\u00e4ckabteilen des ehemaligen Reisebusses ist die komplette Technik und die\u00a0feuerwehrtechnische Ausstattung untergebracht.<\/p>\n<h2><span style=\"color: #000000;\">Verwendung<\/span><\/h2>\n<p>Der GEKW der Feuerwehr Stadt Bochum wird zur Leitung von Gro\u00dfeins\u00e4tzen genutzt und an au\u00dfergew\u00f6hnlichen Einsatzstellen, an denen grunds\u00e4tzlich die Einrichtung verschiedener Einsatzabschnitte nach taktischen oder r\u00e4umlichen Gesichtspunkten notwendig ist, eingesetzt.<br \/>\nHilfesuchenden und Betroffenen bietet der GEKW eine markante und leicht auffindbare Anlaufstelle.<\/p>\n<p>&nbsp;<\/p>\n<h2><span style=\"color: #000000;\">Fahrerraum<\/span><\/h2>\n<p>Der Fahrerraum ist ausgestattet mit<br \/>\n\u2022 4m BOS-Funk (Bedienger\u00e4t, SE-Teil, Funkh\u00f6rer und Funklautsprecher)<br \/>\n\u2022 Sondersignalanlage (Bedienger\u00e4t und Steuerger\u00e4t)<br \/>\n\u2022 T\u00fcrsprechanlage<br \/>\n\u2022 R\u00fcckfahr-Videosystem<br \/>\n\u2022 Schwanenhals-Leseleuchten<br \/>\n\u2022 zus\u00e4tzliche Innenbeleuchtung<br \/>\n\u2022 Pulver-Feuerl\u00f6scher und CO2-Feuerl\u00f6scher<\/p>\n<p>&nbsp;<\/p>\n<h2><span style=\"color: #000000;\">Technik<\/span><\/h2>\n<p>In den Gep\u00e4ckabteilen des ehemaligen Reisebusses ist die gesamte Technik, die zum Betrieb des GEKW notwendig ist, untergebracht. Auf der Fahrerseite, hinter der Vorderachse, befindet sich das Staufach, in dem das Herzst\u00fcck des GEKW eingebaut ist &#8211; die Informations und Kommunikationstechnik. Auf einem stabilen Auszug sind im Einzelnen untergebracht<br \/>\n\u2022 Funkanlage mit je drei Sende- und Emfangsteilen 2m, 4m und TETRA, \u00a0Modulares NF-System 2 mit drei 19\u201c-Einsch\u00fcben u.a.<br \/>\n\u2022 Antennenanschlussfeld f\u00fcr Funkanlage und GSM-Ger\u00e4te<br \/>\n\u2022 PC-Serveranlage<br \/>\n\u2022 Langzeitrekorder<br \/>\n\u2022 Stromversorgung IuK-Technik<\/p>\n<h4><span style=\"color: #000000;\">Technische Ausstattung der weiteren Stauf\u00e4cher<\/span><\/h4>\n<p>\u2022 Fahrerseite von vorne nach hinten:<br \/>\n&#8211; Steuereinheit Klimaanlage<br \/>\n&#8211; Verdampfer Klimaanlage<br \/>\n&#8211; Kabeltrommeln f\u00fcr Stromversorgung,\u00a0Feuerwehrtechnische Ausstattung, Ladehalterungen f\u00fcr Handfunkger\u00e4te<br \/>\n&#8211; Anschlussfeld TK-Anlage, Zusatzbatterien<br \/>\n\u2022 Beifahrerseite von vorne nach hinten:<br \/>\n&#8211; Stromerzeuger<br \/>\n&#8211; Wasser- und Abwasserbeh\u00e4lter<br \/>\n&#8211; Kabeltrommeln f\u00fcr Stromversorgung,<\/p>\n<h4><span style=\"color: #000000;\">Feuerwehrtechnische Ausstattung<\/span><\/h4>\n<p>&#8211; Wetterstation, Funkantenne, Kabeltrommeln f\u00fcr HF-Kabel<\/p>\n<h4><span style=\"color: #000000;\">Auf dem Dach des GEKW befinden sich<\/span><\/h4>\n<p>\u2022 Antennen f\u00fcr:<br \/>\n&#8211; Analog- \/Digitalfunk und Radio<br \/>\n&#8211; D- und E-Netz (GSM)<br \/>\n&#8211; DECT-Telefone<br \/>\n&#8211; DCF-Signal<br \/>\n&#8211; Sat-Anlage<br \/>\n\u2022 Sondersignalanlage<br \/>\n\u2022 Lautsprecher f\u00fcr Sprachdurchsagen<br \/>\n\u2022 Umfeldbeleuchtung<\/p>\n<h4><span style=\"color: #000000;\">Klimaanlage<\/span><\/h4>\n<p>Der Verdampfer und die Steuereinheit der Klimaanlage befinden sich in den unteren Stauf\u00e4chernauf der Fahrerseite. In der Trennwand zwischen Funk- und Konferenzraum sind die \u00a0Klimaleitungen montiert, die Zu- und Abluft\u00f6ffnungen befinden sich im oberen Bereich der Trennwand<\/p>\n<div id=\"gallery-1\" data-slideshowSpeed=\"2500\"  class=\"gallery-photo-box gallery-photos-box gallery galleryid-28 gallery-columns-3 clearfix\"><div class=\"gallery-row clearfix\"><div class=\"gallery-image gallery-image-1 gallery-image-i-1\"><a class=\"photobox\" rel=\"gallery1\" title=\"\" href=\"http:\/\/iuk-fwbochum.de\/wp-content\/uploads\/2016\/04\/P1060896.jpg\"><img loading=\"lazy\" decoding=\"async\" width=\"300\" height=\"169\" src=\"https:\/\/iuk-fwbochum.de\/wp-content\/uploads\/2016\/04\/P1060896-300x169.jpg\" class=\"attachment-medium size-medium\" alt=\"\" srcset=\"https:\/\/iuk-fwbochum.de\/wp-content\/uploads\/2016\/04\/P1060896-300x169.jpg 300w, https:\/\/iuk-fwbochum.de\/wp-content\/uploads\/2016\/04\/P1060896-768x433.jpg 768w, https:\/\/iuk-fwbochum.de\/wp-content\/uploads\/2016\/04\/P1060896-1024x577.jpg 1024w, https:\/\/iuk-fwbochum.de\/wp-content\/uploads\/2016\/04\/P1060896.jpg 1200w\" sizes=\"auto, (max-width: 300px) 100vw, 300px\" \/><\/a><\/div><div class=\"gallery-image gallery-image-2 gallery-image-i-2\"><a class=\"photobox\" rel=\"gallery1\" title=\"\" href=\"http:\/\/iuk-fwbochum.de\/wp-content\/uploads\/2016\/04\/P1060900.jpg\"><img loading=\"lazy\" decoding=\"async\" width=\"300\" height=\"169\" src=\"https:\/\/iuk-fwbochum.de\/wp-content\/uploads\/2016\/04\/P1060900-300x169.jpg\" class=\"attachment-medium size-medium\" alt=\"\" srcset=\"https:\/\/iuk-fwbochum.de\/wp-content\/uploads\/2016\/04\/P1060900-300x169.jpg 300w, https:\/\/iuk-fwbochum.de\/wp-content\/uploads\/2016\/04\/P1060900-768x433.jpg 768w, https:\/\/iuk-fwbochum.de\/wp-content\/uploads\/2016\/04\/P1060900-1024x577.jpg 1024w, https:\/\/iuk-fwbochum.de\/wp-content\/uploads\/2016\/04\/P1060900.jpg 1200w\" sizes=\"auto, (max-width: 300px) 100vw, 300px\" \/><\/a><\/div><div class=\"gallery-image gallery-image-3 gallery-image-i-3\"><a class=\"photobox\" rel=\"gallery1\" title=\"\" href=\"http:\/\/iuk-fwbochum.de\/wp-content\/uploads\/2016\/04\/P1060909.jpg\"><img loading=\"lazy\" decoding=\"async\" width=\"300\" height=\"169\" src=\"https:\/\/iuk-fwbochum.de\/wp-content\/uploads\/2016\/04\/P1060909-300x169.jpg\" class=\"attachment-medium size-medium\" alt=\"\" srcset=\"https:\/\/iuk-fwbochum.de\/wp-content\/uploads\/2016\/04\/P1060909-300x169.jpg 300w, https:\/\/iuk-fwbochum.de\/wp-content\/uploads\/2016\/04\/P1060909-768x433.jpg 768w, https:\/\/iuk-fwbochum.de\/wp-content\/uploads\/2016\/04\/P1060909-1024x577.jpg 1024w, https:\/\/iuk-fwbochum.de\/wp-content\/uploads\/2016\/04\/P1060909.jpg 1200w\" sizes=\"auto, (max-width: 300px) 100vw, 300px\" \/><\/a><\/div><br style=\"clear:both;\" \/><\/div><div class=\"gallery-row clearfix\"><div class=\"gallery-image gallery-image-1 gallery-image-i-4\"><a class=\"photobox\" rel=\"gallery1\" title=\"Herzst\u00fcck des GEKW: Die Informations- und Kommunikationstechnik\" href=\"http:\/\/iuk-fwbochum.de\/wp-content\/uploads\/2016\/04\/P1060947.jpg\"><img loading=\"lazy\" decoding=\"async\" width=\"300\" height=\"169\" src=\"https:\/\/iuk-fwbochum.de\/wp-content\/uploads\/2016\/04\/P1060947-300x169.jpg\" class=\"attachment-medium size-medium\" alt=\"\" srcset=\"https:\/\/iuk-fwbochum.de\/wp-content\/uploads\/2016\/04\/P1060947-300x169.jpg 300w, https:\/\/iuk-fwbochum.de\/wp-content\/uploads\/2016\/04\/P1060947-768x433.jpg 768w, https:\/\/iuk-fwbochum.de\/wp-content\/uploads\/2016\/04\/P1060947-1024x577.jpg 1024w, https:\/\/iuk-fwbochum.de\/wp-content\/uploads\/2016\/04\/P1060947.jpg 1200w\" sizes=\"auto, (max-width: 300px) 100vw, 300px\" \/><\/a><\/div><div class=\"gallery-image gallery-image-2 gallery-image-i-5\"><a class=\"photobox\" rel=\"gallery1\" title=\"K\u00fchler Notstromaggregat, sowie Stromverteilerk\u00e4sten\" href=\"http:\/\/iuk-fwbochum.de\/wp-content\/uploads\/2016\/04\/P1060951.jpg\"><img loading=\"lazy\" decoding=\"async\" width=\"300\" height=\"169\" src=\"https:\/\/iuk-fwbochum.de\/wp-content\/uploads\/2016\/04\/P1060951-300x169.jpg\" class=\"attachment-medium size-medium\" alt=\"\" srcset=\"https:\/\/iuk-fwbochum.de\/wp-content\/uploads\/2016\/04\/P1060951-300x169.jpg 300w, https:\/\/iuk-fwbochum.de\/wp-content\/uploads\/2016\/04\/P1060951-768x433.jpg 768w, https:\/\/iuk-fwbochum.de\/wp-content\/uploads\/2016\/04\/P1060951-1024x577.jpg 1024w, https:\/\/iuk-fwbochum.de\/wp-content\/uploads\/2016\/04\/P1060951.jpg 1200w\" sizes=\"auto, (max-width: 300px) 100vw, 300px\" \/><\/a><\/div><div class=\"gallery-image gallery-image-3 gallery-image-i-6\"><a class=\"photobox\" rel=\"gallery1\" title=\"Ladestation der Handfunkger\u00e4te - Kabelsalat durch die MILA's\" href=\"http:\/\/iuk-fwbochum.de\/wp-content\/uploads\/2016\/04\/P1060953.jpg\"><img loading=\"lazy\" decoding=\"async\" width=\"300\" height=\"169\" src=\"https:\/\/iuk-fwbochum.de\/wp-content\/uploads\/2016\/04\/P1060953-300x169.jpg\" class=\"attachment-medium size-medium\" alt=\"\" srcset=\"https:\/\/iuk-fwbochum.de\/wp-content\/uploads\/2016\/04\/P1060953-300x169.jpg 300w, https:\/\/iuk-fwbochum.de\/wp-content\/uploads\/2016\/04\/P1060953-768x433.jpg 768w, https:\/\/iuk-fwbochum.de\/wp-content\/uploads\/2016\/04\/P1060953-1024x577.jpg 1024w, https:\/\/iuk-fwbochum.de\/wp-content\/uploads\/2016\/04\/P1060953.jpg 1200w\" sizes=\"auto, (max-width: 300px) 100vw, 300px\" \/><\/a><\/div><br style=\"clear:both;\" \/><\/div><div class=\"gallery-row clearfix\"><div class=\"gallery-image gallery-image-1 gallery-image-i-7\"><a class=\"photobox\" rel=\"gallery1\" title=\"\" href=\"http:\/\/iuk-fwbochum.de\/wp-content\/uploads\/2016\/04\/P1060954.jpg\"><img loading=\"lazy\" decoding=\"async\" width=\"300\" height=\"169\" src=\"https:\/\/iuk-fwbochum.de\/wp-content\/uploads\/2016\/04\/P1060954-300x169.jpg\" class=\"attachment-medium size-medium\" alt=\"\" srcset=\"https:\/\/iuk-fwbochum.de\/wp-content\/uploads\/2016\/04\/P1060954-300x169.jpg 300w, https:\/\/iuk-fwbochum.de\/wp-content\/uploads\/2016\/04\/P1060954-768x433.jpg 768w, https:\/\/iuk-fwbochum.de\/wp-content\/uploads\/2016\/04\/P1060954-1024x577.jpg 1024w, https:\/\/iuk-fwbochum.de\/wp-content\/uploads\/2016\/04\/P1060954.jpg 1200w\" sizes=\"auto, (max-width: 300px) 100vw, 300px\" \/><\/a><\/div><div class=\"gallery-image gallery-image-2 gallery-image-i-8\"><a class=\"photobox\" rel=\"gallery1\" title=\"Klimaanlage\" href=\"http:\/\/iuk-fwbochum.de\/wp-content\/uploads\/2016\/04\/P1060957.jpg\"><img loading=\"lazy\" decoding=\"async\" width=\"300\" height=\"169\" src=\"https:\/\/iuk-fwbochum.de\/wp-content\/uploads\/2016\/04\/P1060957-300x169.jpg\" class=\"attachment-medium size-medium\" alt=\"\" srcset=\"https:\/\/iuk-fwbochum.de\/wp-content\/uploads\/2016\/04\/P1060957-300x169.jpg 300w, https:\/\/iuk-fwbochum.de\/wp-content\/uploads\/2016\/04\/P1060957-768x433.jpg 768w, https:\/\/iuk-fwbochum.de\/wp-content\/uploads\/2016\/04\/P1060957-1024x577.jpg 1024w, https:\/\/iuk-fwbochum.de\/wp-content\/uploads\/2016\/04\/P1060957.jpg 1200w\" sizes=\"auto, (max-width: 300px) 100vw, 300px\" \/><\/a><\/div><div class=\"gallery-image gallery-image-3 gallery-image-i-9\"><a class=\"photobox\" rel=\"gallery1\" title=\"\" href=\"http:\/\/iuk-fwbochum.de\/wp-content\/uploads\/2016\/04\/P1060970.jpg\"><img loading=\"lazy\" decoding=\"async\" width=\"300\" height=\"169\" src=\"https:\/\/iuk-fwbochum.de\/wp-content\/uploads\/2016\/04\/P1060970-300x169.jpg\" class=\"attachment-medium size-medium\" alt=\"\" srcset=\"https:\/\/iuk-fwbochum.de\/wp-content\/uploads\/2016\/04\/P1060970-300x169.jpg 300w, https:\/\/iuk-fwbochum.de\/wp-content\/uploads\/2016\/04\/P1060970-768x433.jpg 768w, https:\/\/iuk-fwbochum.de\/wp-content\/uploads\/2016\/04\/P1060970-1024x577.jpg 1024w, https:\/\/iuk-fwbochum.de\/wp-content\/uploads\/2016\/04\/P1060970.jpg 1200w\" sizes=\"auto, (max-width: 300px) 100vw, 300px\" \/><\/a><\/div><br style=\"clear:both;\" \/><\/div><\/div>\n<p>&nbsp;<\/p>\n<h3><span style=\"color: #000000;\">Funkraum<\/span><\/h3>\n<p>Der Funkraum ist \u00fcber den Fahrerraum zug\u00e4nglich. Er befindet sich zwischen dem Fahrerraum und dem Konferenzraum und ist ausgestattet mit drei komplett eingerichteten Funk-Arbeitspl\u00e4tzen, bestehend aus<br \/>\n\u2022 Jeweils einem Bedienger\u00e4t 2m, 4m und TETRA<br \/>\n\u2022 Tastenanwahlfeld<br \/>\n\u2022 Schwanenhalsmikrofon f\u00fcr Funk oder ELA<br \/>\n\u2022 Headset und Muldenfernsprecher<br \/>\n\u2022 Kurzzeitrekorder<\/p>\n<h4><span style=\"color: #000000;\">Die gesamte Technik f\u00fcr die Funk-Arbeitspl\u00e4tze<\/span><\/h4>\n<p>(wie z.B. TK-Anlage, Basisstationen der DECTTelefone, GSM-Module und ISDN-Adapter) ist im Fu\u00dfraum des Funktisches untergebracht. Au\u00dferdem befinden sich im Funkraum<br \/>\n\u2022 Zwei Computer-Arbeitspl\u00e4tze mit automatischem Funkmeldesystem, Gefahrstoffdatenbanken und Katasterkarten sowie Drucker und Faxger\u00e4t.<br \/>\n\u2022 Vier Klappsitze mit Sicherheitsgurten, die f\u00fcr den Stra\u00dfenverkehr zugelassen sind.<\/p>\n<div id=\"gallery-2\" data-slideshowSpeed=\"2500\"  class=\"gallery-photo-box gallery-photos-box gallery galleryid-28 gallery-columns-2 clearfix\"><div class=\"gallery-row clearfix\"><div class=\"gallery-image gallery-image-1 gallery-image-i-1\"><a class=\"photobox\" rel=\"gallery2\" title=\"\" href=\"http:\/\/iuk-fwbochum.de\/wp-content\/uploads\/2016\/04\/P1060934.jpg\"><img loading=\"lazy\" decoding=\"async\" width=\"300\" height=\"169\" src=\"https:\/\/iuk-fwbochum.de\/wp-content\/uploads\/2016\/04\/P1060934-300x169.jpg\" class=\"attachment-medium size-medium\" alt=\"\" srcset=\"https:\/\/iuk-fwbochum.de\/wp-content\/uploads\/2016\/04\/P1060934-300x169.jpg 300w, https:\/\/iuk-fwbochum.de\/wp-content\/uploads\/2016\/04\/P1060934-768x432.jpg 768w, https:\/\/iuk-fwbochum.de\/wp-content\/uploads\/2016\/04\/P1060934-1024x576.jpg 1024w, https:\/\/iuk-fwbochum.de\/wp-content\/uploads\/2016\/04\/P1060934.jpg 1200w\" sizes=\"auto, (max-width: 300px) 100vw, 300px\" \/><span class=\"image_title\"><\/span><\/a><\/div><div class=\"gallery-image gallery-image-2 gallery-image-i-2\"><a class=\"photobox\" rel=\"gallery2\" title=\"\" href=\"http:\/\/iuk-fwbochum.de\/wp-content\/uploads\/2016\/04\/P1060920.jpg\"><img loading=\"lazy\" decoding=\"async\" width=\"300\" height=\"169\" src=\"https:\/\/iuk-fwbochum.de\/wp-content\/uploads\/2016\/04\/P1060920-300x169.jpg\" class=\"attachment-medium size-medium\" alt=\"\" srcset=\"https:\/\/iuk-fwbochum.de\/wp-content\/uploads\/2016\/04\/P1060920-300x169.jpg 300w, https:\/\/iuk-fwbochum.de\/wp-content\/uploads\/2016\/04\/P1060920-768x433.jpg 768w, https:\/\/iuk-fwbochum.de\/wp-content\/uploads\/2016\/04\/P1060920-1024x577.jpg 1024w, https:\/\/iuk-fwbochum.de\/wp-content\/uploads\/2016\/04\/P1060920.jpg 1200w\" sizes=\"auto, (max-width: 300px) 100vw, 300px\" \/><span class=\"image_title\"><\/span><\/a><\/div><br style=\"clear:both;\" \/><\/div><\/div>\n<h2><span style=\"color: #000000;\">Konferenzraum<\/span><\/h2>\n<p>Der Konferenzraum befindet sich hinter dem Funkraum und ist durch die hintere Zugangst\u00fcr auf der Beifahrerseite zu erreichen.<br \/>\nLinks von der T\u00fcr ist der Besprechungsbereich, der gro\u00dfe Konferenztisch bietet Platz f\u00fcr zw\u00f6lf Einsatzkr\u00e4fte.<\/p>\n<p>Im Konferenzraum befinden sich<br \/>\n\u2022 Anschlussm\u00f6glichkeiten f\u00fcr Beamer und Telefone<br \/>\n\u2022 Mith\u00f6reinrichtungen Funk\/Radio<br \/>\n\u2022 Befestigungspunkte f\u00fcr Beamer und ausziehbare Beamer-Leinwand<\/p>\n<p>Rechts von der Zugangst\u00fcr befindet sich ein komplett ausgestatteter Arbeitsplatz bestehend aus<br \/>\n\u2022 Computer-Arbeitsplatz (Rechner, Monitor, Tastatur, Maus) u.a. zur Auswertung der Daten der Wetterstation mit Farb-Laserdruckern, Faxger\u00e4ten, DIN A3-Kopierger\u00e4t, Scanner und Laminierger\u00e4t<br \/>\n\u2022 Flachbildschirm, Sat-Anlage und Videorekorder<br \/>\n\u2022 Kurzzeit- und Langzeitdokumentationsger\u00e4te<br \/>\n\u2022 Muldenfernsprecher, Sprachdurchsage\/Radio ELA und T\u00fcrsprechstelle<\/p>\n<p>&nbsp;<\/p>\n<div id=\"gallery-3\" data-slideshowSpeed=\"2500\"  class=\"gallery-photo-box gallery-photos-box gallery galleryid-28 gallery-columns-3 clearfix\"><div class=\"gallery-row clearfix\"><div class=\"gallery-image gallery-image-1 gallery-image-i-1\"><a class=\"photobox\" rel=\"gallery3\" title=\"\" href=\"http:\/\/iuk-fwbochum.de\/wp-content\/uploads\/2016\/06\/image-2.jpeg\"><img loading=\"lazy\" decoding=\"async\" width=\"300\" height=\"225\" src=\"https:\/\/iuk-fwbochum.de\/wp-content\/uploads\/2016\/06\/image-2-300x225.jpeg\" class=\"attachment-medium size-medium\" alt=\"\" srcset=\"https:\/\/iuk-fwbochum.de\/wp-content\/uploads\/2016\/06\/image-2-300x225.jpeg 300w, https:\/\/iuk-fwbochum.de\/wp-content\/uploads\/2016\/06\/image-2-768x576.jpeg 768w, https:\/\/iuk-fwbochum.de\/wp-content\/uploads\/2016\/06\/image-2-1024x768.jpeg 1024w, https:\/\/iuk-fwbochum.de\/wp-content\/uploads\/2016\/06\/image-2-100x75.jpeg 100w\" sizes=\"auto, (max-width: 300px) 100vw, 300px\" \/><span class=\"image_title\"><\/span><\/a><\/div><div class=\"gallery-image gallery-image-2 gallery-image-i-2\"><a class=\"photobox\" rel=\"gallery3\" title=\"\" href=\"http:\/\/iuk-fwbochum.de\/wp-content\/uploads\/2016\/06\/image-1.jpeg\"><img loading=\"lazy\" decoding=\"async\" width=\"300\" height=\"225\" src=\"https:\/\/iuk-fwbochum.de\/wp-content\/uploads\/2016\/06\/image-1-300x225.jpeg\" class=\"attachment-medium size-medium\" alt=\"\" srcset=\"https:\/\/iuk-fwbochum.de\/wp-content\/uploads\/2016\/06\/image-1-300x225.jpeg 300w, https:\/\/iuk-fwbochum.de\/wp-content\/uploads\/2016\/06\/image-1-768x576.jpeg 768w, https:\/\/iuk-fwbochum.de\/wp-content\/uploads\/2016\/06\/image-1-1024x768.jpeg 1024w, https:\/\/iuk-fwbochum.de\/wp-content\/uploads\/2016\/06\/image-1-100x75.jpeg 100w\" sizes=\"auto, (max-width: 300px) 100vw, 300px\" \/><span class=\"image_title\"><\/span><\/a><\/div><div class=\"gallery-image gallery-image-3 gallery-image-i-3\"><a class=\"photobox\" rel=\"gallery3\" title=\"\" href=\"http:\/\/iuk-fwbochum.de\/wp-content\/uploads\/2016\/06\/image.jpeg\"><img loading=\"lazy\" decoding=\"async\" width=\"300\" height=\"225\" src=\"https:\/\/iuk-fwbochum.de\/wp-content\/uploads\/2016\/06\/image-300x225.jpeg\" class=\"attachment-medium size-medium\" alt=\"\" srcset=\"https:\/\/iuk-fwbochum.de\/wp-content\/uploads\/2016\/06\/image-300x225.jpeg 300w, https:\/\/iuk-fwbochum.de\/wp-content\/uploads\/2016\/06\/image-768x576.jpeg 768w, https:\/\/iuk-fwbochum.de\/wp-content\/uploads\/2016\/06\/image-1024x768.jpeg 1024w, https:\/\/iuk-fwbochum.de\/wp-content\/uploads\/2016\/06\/image-100x75.jpeg 100w\" sizes=\"auto, (max-width: 300px) 100vw, 300px\" \/><span class=\"image_title\"><\/span><\/a><\/div><br style=\"clear:both;\" \/><\/div><div class=\"gallery-row clearfix\"><div class=\"gallery-image gallery-image-1 gallery-image-i-4\"><a class=\"photobox\" rel=\"gallery3\" title=\"\" href=\"http:\/\/iuk-fwbochum.de\/wp-content\/uploads\/2016\/04\/P1060944.jpg\"><img loading=\"lazy\" decoding=\"async\" width=\"169\" height=\"300\" src=\"https:\/\/iuk-fwbochum.de\/wp-content\/uploads\/2016\/04\/P1060944-169x300.jpg\" class=\"attachment-medium size-medium\" alt=\"\" srcset=\"https:\/\/iuk-fwbochum.de\/wp-content\/uploads\/2016\/04\/P1060944-169x300.jpg 169w, https:\/\/iuk-fwbochum.de\/wp-content\/uploads\/2016\/04\/P1060944-577x1024.jpg 577w, https:\/\/iuk-fwbochum.de\/wp-content\/uploads\/2016\/04\/P1060944.jpg 676w\" sizes=\"auto, (max-width: 169px) 100vw, 169px\" \/><span class=\"image_title\"><\/span><\/a><\/div><div class=\"gallery-image gallery-image-2 gallery-image-i-5\"><a class=\"photobox\" rel=\"gallery3\" title=\"\" href=\"http:\/\/iuk-fwbochum.de\/wp-content\/uploads\/2016\/04\/P1060936.jpg\"><img loading=\"lazy\" decoding=\"async\" width=\"169\" height=\"300\" src=\"https:\/\/iuk-fwbochum.de\/wp-content\/uploads\/2016\/04\/P1060936-169x300.jpg\" class=\"attachment-medium size-medium\" alt=\"\" srcset=\"https:\/\/iuk-fwbochum.de\/wp-content\/uploads\/2016\/04\/P1060936-169x300.jpg 169w, https:\/\/iuk-fwbochum.de\/wp-content\/uploads\/2016\/04\/P1060936-577x1024.jpg 577w, https:\/\/iuk-fwbochum.de\/wp-content\/uploads\/2016\/04\/P1060936.jpg 676w\" sizes=\"auto, (max-width: 169px) 100vw, 169px\" \/><span class=\"image_title\"><\/span><\/a><\/div><br style=\"clear:both;\" \/><\/div><\/div>\n<h3><span style=\"color: #000000;\">Stauraum<\/span><\/h3>\n<p>Der Stauraum grenzt an das hintere Ende des Konferenzraums und ist durch diesen zu erreichen.<br \/>\nIm Stauraum befindet eine Schrankkombination mit diversen Stau- und Schubf\u00e4chern.<br \/>\nHier sind u.a. untegebracht<br \/>\n\u2022 Vier DECT-Telefone mit Netzteilen<br \/>\n\u2022 Zehn verplombte Koffer mit Arbeitsmaterial der Stabsmitglieder<br \/>\n\u2022 Ein Notfallrucksack und AED<\/p>\n<p>&nbsp;<\/p>\n<p>&nbsp;<\/p>\n<p>&nbsp;<\/p>\n","protected":false},"excerpt":{"rendered":"<p>Gro\u00dfraum-Einsatz-Kommando-Wagen GEKW Fahrzeughersteller: Mercedes Benz Fahrzeugtyp: O 404 &#8211; 15 R (EZ: Mai 1996) Halter: Feuerwehr Stadt Bochum Fahrzeug Ein<\/p>\n","protected":false},"author":1,"featured_media":0,"parent":18,"menu_order":1,"comment_status":"closed","ping_status":"closed","template":"","meta":{"colormag_page_container_layout":"default_layout","colormag_page_sidebar_layout":"default_layout","footnotes":""},"class_list":["post-28","page","type-page","status-publish","hentry"],"_links":{"self":[{"href":"https:\/\/iuk-fwbochum.de\/index.php?rest_route=\/wp\/v2\/pages\/28","targetHints":{"allow":["GET"]}}],"collection":[{"href":"https:\/\/iuk-fwbochum.de\/index.php?rest_route=\/wp\/v2\/pages"}],"about":[{"href":"https:\/\/iuk-fwbochum.de\/index.php?rest_route=\/wp\/v2\/types\/page"}],"author":[{"embeddable":true,"href":"https:\/\/iuk-fwbochum.de\/index.php?rest_route=\/wp\/v2\/users\/1"}],"replies":[{"embeddable":true,"href":"https:\/\/iuk-fwbochum.de\/index.php?rest_route=%2Fwp%2Fv2%2Fcomments&post=28"}],"version-history":[{"count":57,"href":"https:\/\/iuk-fwbochum.de\/index.php?rest_route=\/wp\/v2\/pages\/28\/revisions"}],"predecessor-version":[{"id":225,"href":"https:\/\/iuk-fwbochum.de\/index.php?rest_route=\/wp\/v2\/pages\/28\/revisions\/225"}],"up":[{"embeddable":true,"href":"https:\/\/iuk-fwbochum.de\/index.php?rest_route=\/wp\/v2\/pages\/18"}],"wp:attachment":[{"href":"https:\/\/iuk-fwbochum.de\/index.php?rest_route=%2Fwp%2Fv2%2Fmedia&parent=28"}],"curies":[{"name":"wp","href":"https:\/\/api.w.org\/{rel}","templated":true}]}}