{"id":30,"date":"2016-04-06T00:37:49","date_gmt":"2016-04-05T22:37:49","guid":{"rendered":"http:\/\/iuk-fwbochum.de\/?page_id=30"},"modified":"2020-12-09T10:00:24","modified_gmt":"2020-12-09T09:00:24","slug":"3-elw-1-2","status":"publish","type":"page","link":"https:\/\/iuk-fwbochum.de\/?page_id=30","title":{"rendered":"40 ELW 1-2"},"content":{"rendered":"<p>Fahrzeughersteller:\u00a0Mercedes-Benz<br \/>\nFahrzeugtyp: \u00a0 \u00a0 \u00a0 \u00a0 \u00a0 \u00a0Sprinter 313 cdi \u00a0(EZ: August 2005)<\/p>\n<p>Fahrzeugausbauer: Fa.\u00a0TDS (heute Fa.\u00a0Friedrich Leutert GmbH &amp; Co. KG )<br \/>\nHalter: \u00a0 \u00a0 \u00a0 \u00a0 \u00a0 \u00a0 \u00a0 \u00a0 \u00a0 \u00a0 \u00a0 Feuerwehr Stadt Bochum<\/p>\n<h2>Verwendung<\/h2>\n<p>Der ELW (40 ELW 1-2) der Feuerwehr Stadt Bochum wird als Ersatz-ELW, sowie zur Unterst\u00fctzung genutzt und an au\u00dfergew\u00f6hnlichen Einsatzstellen, an denen grunds\u00e4tzlich die Einrichtung verschiedener Einsatzabschnitte nach taktischen oder r\u00e4umlichen Gesichtspunkten notwendig ist.<\/p>\n<p>Der ELW wird sowohl von der Berufsfeuerwehr wie auch der Freiwilligen Feuerwehr der Stadt Bochum genutzt. Die \u00fcberwiegende Besatzung besteht aus einem Mitglied der SE IuK und einem Beamten der BF Bochum.<\/p>\n<div id=\"gallery-1\" data-slideshowSpeed=\"2500\"  class=\"gallery-photo-box gallery-photos-box gallery galleryid-30 gallery-columns-2 clearfix\"><div class=\"gallery-row clearfix\"><div class=\"gallery-image gallery-image-1 gallery-image-i-1\"><a class=\"photobox\" rel=\"gallery1\" title=\"\" href=\"http:\/\/iuk-fwbochum.de\/wp-content\/uploads\/2016\/06\/2016-06-20-10.48.15.jpg\"><img loading=\"lazy\" decoding=\"async\" width=\"300\" height=\"169\" src=\"https:\/\/iuk-fwbochum.de\/wp-content\/uploads\/2016\/06\/2016-06-20-10.48.15-300x169.jpg\" class=\"attachment-medium size-medium\" alt=\"\" srcset=\"https:\/\/iuk-fwbochum.de\/wp-content\/uploads\/2016\/06\/2016-06-20-10.48.15-300x169.jpg 300w, https:\/\/iuk-fwbochum.de\/wp-content\/uploads\/2016\/06\/2016-06-20-10.48.15-768x432.jpg 768w, https:\/\/iuk-fwbochum.de\/wp-content\/uploads\/2016\/06\/2016-06-20-10.48.15-1024x576.jpg 1024w\" sizes=\"auto, (max-width: 300px) 100vw, 300px\" \/><span class=\"image_title\"><\/span><\/a><\/div><div class=\"gallery-image gallery-image-2 gallery-image-i-2\"><a class=\"photobox\" rel=\"gallery1\" title=\"\" href=\"http:\/\/iuk-fwbochum.de\/wp-content\/uploads\/2016\/06\/2016-06-20-10.48.46.jpg\"><img loading=\"lazy\" decoding=\"async\" width=\"300\" height=\"169\" src=\"https:\/\/iuk-fwbochum.de\/wp-content\/uploads\/2016\/06\/2016-06-20-10.48.46-300x169.jpg\" class=\"attachment-medium size-medium\" alt=\"\" srcset=\"https:\/\/iuk-fwbochum.de\/wp-content\/uploads\/2016\/06\/2016-06-20-10.48.46-300x169.jpg 300w, https:\/\/iuk-fwbochum.de\/wp-content\/uploads\/2016\/06\/2016-06-20-10.48.46-768x432.jpg 768w, https:\/\/iuk-fwbochum.de\/wp-content\/uploads\/2016\/06\/2016-06-20-10.48.46-1024x576.jpg 1024w\" sizes=\"auto, (max-width: 300px) 100vw, 300px\" \/><span class=\"image_title\"><\/span><\/a><\/div><br style=\"clear:both;\" \/><\/div><div class=\"gallery-row clearfix\"><div class=\"gallery-image gallery-image-1 gallery-image-i-3\"><a class=\"photobox\" rel=\"gallery1\" title=\"\" href=\"http:\/\/iuk-fwbochum.de\/wp-content\/uploads\/2016\/06\/2016-06-20-10.48.37.jpg\"><img loading=\"lazy\" decoding=\"async\" width=\"169\" height=\"300\" src=\"https:\/\/iuk-fwbochum.de\/wp-content\/uploads\/2016\/06\/2016-06-20-10.48.37-169x300.jpg\" class=\"attachment-medium size-medium\" alt=\"\" srcset=\"https:\/\/iuk-fwbochum.de\/wp-content\/uploads\/2016\/06\/2016-06-20-10.48.37-169x300.jpg 169w, https:\/\/iuk-fwbochum.de\/wp-content\/uploads\/2016\/06\/2016-06-20-10.48.37-768x1365.jpg 768w, https:\/\/iuk-fwbochum.de\/wp-content\/uploads\/2016\/06\/2016-06-20-10.48.37-576x1024.jpg 576w\" sizes=\"auto, (max-width: 169px) 100vw, 169px\" \/><span class=\"image_title\"><\/span><\/a><\/div><div class=\"gallery-image gallery-image-2 gallery-image-i-4\"><a class=\"photobox\" rel=\"gallery1\" title=\"\" href=\"http:\/\/iuk-fwbochum.de\/wp-content\/uploads\/2016\/06\/2016-06-20-10.48.57.jpg\"><img loading=\"lazy\" decoding=\"async\" width=\"169\" height=\"300\" src=\"https:\/\/iuk-fwbochum.de\/wp-content\/uploads\/2016\/06\/2016-06-20-10.48.57-169x300.jpg\" class=\"attachment-medium size-medium\" alt=\"\" srcset=\"https:\/\/iuk-fwbochum.de\/wp-content\/uploads\/2016\/06\/2016-06-20-10.48.57-169x300.jpg 169w, https:\/\/iuk-fwbochum.de\/wp-content\/uploads\/2016\/06\/2016-06-20-10.48.57-768x1365.jpg 768w, https:\/\/iuk-fwbochum.de\/wp-content\/uploads\/2016\/06\/2016-06-20-10.48.57-576x1024.jpg 576w\" sizes=\"auto, (max-width: 169px) 100vw, 169px\" \/><span class=\"image_title\"><\/span><\/a><\/div><br style=\"clear:both;\" \/><\/div><\/div>\n<h2>Fahrerraum<\/h2>\n<p>Der Fahrerraum ist ausgestattet mit<br \/>\n\u2022 4m BOS-Funk (Bedienger\u00e4t,\u00a0 Funkh\u00f6rer und Funklautsprecher)<br \/>\n\u2022 Sondersignalanlage (Bedienger\u00e4t und Steuerger\u00e4t)<br \/>\n\u2022 Telefonfreisprechanlage<br \/>\n\u2022 Mikrofon f\u00fcr Sprachdurchsage ELA<br \/>\n\u2022 Spannungswandler 12 V auf 230 V<\/p>\n<div id=\"gallery-2\" data-slideshowSpeed=\"2500\"  class=\"gallery-photo-box gallery-photos-box gallery galleryid-30 gallery-columns-3 clearfix\"><div class=\"gallery-row clearfix\"><div class=\"gallery-image gallery-image-1 gallery-image-i-1\"><a class=\"photobox\" rel=\"gallery2\" title=\"\" href=\"http:\/\/iuk-fwbochum.de\/wp-content\/uploads\/2016\/06\/2016-06-20-10.50.44.jpg\"><img loading=\"lazy\" decoding=\"async\" width=\"169\" height=\"300\" src=\"https:\/\/iuk-fwbochum.de\/wp-content\/uploads\/2016\/06\/2016-06-20-10.50.44-169x300.jpg\" class=\"attachment-medium size-medium\" alt=\"\" srcset=\"https:\/\/iuk-fwbochum.de\/wp-content\/uploads\/2016\/06\/2016-06-20-10.50.44-169x300.jpg 169w, https:\/\/iuk-fwbochum.de\/wp-content\/uploads\/2016\/06\/2016-06-20-10.50.44-768x1365.jpg 768w, https:\/\/iuk-fwbochum.de\/wp-content\/uploads\/2016\/06\/2016-06-20-10.50.44-576x1024.jpg 576w\" sizes=\"auto, (max-width: 169px) 100vw, 169px\" \/><span class=\"image_title\"><\/span><\/a><\/div><div class=\"gallery-image gallery-image-2 gallery-image-i-2\"><a class=\"photobox\" rel=\"gallery2\" title=\"\" href=\"http:\/\/iuk-fwbochum.de\/wp-content\/uploads\/2016\/06\/2016-06-20-10.51.06.jpg\"><img loading=\"lazy\" decoding=\"async\" width=\"169\" height=\"300\" src=\"https:\/\/iuk-fwbochum.de\/wp-content\/uploads\/2016\/06\/2016-06-20-10.51.06-169x300.jpg\" class=\"attachment-medium size-medium\" alt=\"\" srcset=\"https:\/\/iuk-fwbochum.de\/wp-content\/uploads\/2016\/06\/2016-06-20-10.51.06-169x300.jpg 169w, https:\/\/iuk-fwbochum.de\/wp-content\/uploads\/2016\/06\/2016-06-20-10.51.06-768x1365.jpg 768w, https:\/\/iuk-fwbochum.de\/wp-content\/uploads\/2016\/06\/2016-06-20-10.51.06-576x1024.jpg 576w\" sizes=\"auto, (max-width: 169px) 100vw, 169px\" \/><span class=\"image_title\"><\/span><\/a><\/div><div class=\"gallery-image gallery-image-3 gallery-image-i-3\"><a class=\"photobox\" rel=\"gallery2\" title=\"\" href=\"http:\/\/iuk-fwbochum.de\/wp-content\/uploads\/2016\/06\/2016-06-20-10.50.30.jpg\"><img loading=\"lazy\" decoding=\"async\" width=\"169\" height=\"300\" src=\"https:\/\/iuk-fwbochum.de\/wp-content\/uploads\/2016\/06\/2016-06-20-10.50.30-169x300.jpg\" class=\"attachment-medium size-medium\" alt=\"\" srcset=\"https:\/\/iuk-fwbochum.de\/wp-content\/uploads\/2016\/06\/2016-06-20-10.50.30-169x300.jpg 169w, https:\/\/iuk-fwbochum.de\/wp-content\/uploads\/2016\/06\/2016-06-20-10.50.30-768x1365.jpg 768w, https:\/\/iuk-fwbochum.de\/wp-content\/uploads\/2016\/06\/2016-06-20-10.50.30-576x1024.jpg 576w\" sizes=\"auto, (max-width: 169px) 100vw, 169px\" \/><span class=\"image_title\"><\/span><\/a><\/div><br style=\"clear:both;\" \/><\/div><\/div>\n<h2>Funkraum \/ Einsatzleitraum<\/h2>\n<p>Der Funkraum\/Einsatzleitraum\u00a0befindet sich hinter dem Fahrerraum\u00a0 und ist ausgestattet mit einem eingerichteten Funk-Arbeitsplatz, bestehend aus<br \/>\n\u2022 zwei Bedienger\u00e4ten 2m,<br \/>\n\u2022 einem Bedienger\u00e4ten TETRA,<br \/>\n\u2022 einem Bedienger\u00e4t 4m<br \/>\n\u2022 zwei 230 V Steckdosen und zwei 12 V Steckdosen\u2022 zwei Bedienger\u00e4ten 2m,<br \/>\n\u2022 zwei DECT Telefone mit Ladestationen,<br \/>\n\u2022 zwei Funkh\u00f6rer \/-lautsprecher<br \/>\n\u2022 einem Faxger\u00e4t &#8211; \u00fcber Mobilfunk<br \/>\n\u2022\u00a0W-Lan-Router<br \/>\n\u2022\u00a0zwei Funkh\u00f6rer \/-lautsprecher<\/p>\n<p>&#8211; der Fahrer- \/ Beifahrersitz ist drehbar zum Funktisch<\/p>\n<p>In den Schr\u00e4nken des ELW befinden sich die wichtigsten Arbeitsmaterialien f\u00fcr die Einsatzleitung.<\/p>\n<div id=\"gallery-3\" data-slideshowSpeed=\"2500\"  class=\"gallery-photo-box gallery-photos-box gallery galleryid-30 gallery-columns-3 clearfix\"><div class=\"gallery-row clearfix\"><div class=\"gallery-image gallery-image-1 gallery-image-i-1\"><a class=\"photobox\" rel=\"gallery3\" title=\"\" href=\"http:\/\/iuk-fwbochum.de\/wp-content\/uploads\/2016\/06\/2016-06-20-10.50.11.jpg\"><img loading=\"lazy\" decoding=\"async\" width=\"300\" height=\"169\" src=\"https:\/\/iuk-fwbochum.de\/wp-content\/uploads\/2016\/06\/2016-06-20-10.50.11-300x169.jpg\" class=\"attachment-medium size-medium\" alt=\"\" srcset=\"https:\/\/iuk-fwbochum.de\/wp-content\/uploads\/2016\/06\/2016-06-20-10.50.11-300x169.jpg 300w, https:\/\/iuk-fwbochum.de\/wp-content\/uploads\/2016\/06\/2016-06-20-10.50.11-768x432.jpg 768w, https:\/\/iuk-fwbochum.de\/wp-content\/uploads\/2016\/06\/2016-06-20-10.50.11-1024x576.jpg 1024w\" sizes=\"auto, (max-width: 300px) 100vw, 300px\" \/><span class=\"image_title\"><\/span><\/a><\/div><div class=\"gallery-image gallery-image-2 gallery-image-i-2\"><a class=\"photobox\" rel=\"gallery3\" title=\"\" href=\"http:\/\/iuk-fwbochum.de\/wp-content\/uploads\/2016\/06\/2016-06-20-10.50.19.jpg\"><img loading=\"lazy\" decoding=\"async\" width=\"300\" height=\"169\" src=\"https:\/\/iuk-fwbochum.de\/wp-content\/uploads\/2016\/06\/2016-06-20-10.50.19-300x169.jpg\" class=\"attachment-medium size-medium\" alt=\"\" srcset=\"https:\/\/iuk-fwbochum.de\/wp-content\/uploads\/2016\/06\/2016-06-20-10.50.19-300x169.jpg 300w, https:\/\/iuk-fwbochum.de\/wp-content\/uploads\/2016\/06\/2016-06-20-10.50.19-768x432.jpg 768w, https:\/\/iuk-fwbochum.de\/wp-content\/uploads\/2016\/06\/2016-06-20-10.50.19-1024x576.jpg 1024w\" sizes=\"auto, (max-width: 300px) 100vw, 300px\" \/><span class=\"image_title\"><\/span><\/a><\/div><div class=\"gallery-image gallery-image-3 gallery-image-i-3\"><a class=\"photobox\" rel=\"gallery3\" title=\"\" href=\"http:\/\/iuk-fwbochum.de\/wp-content\/uploads\/2016\/06\/2016-06-20-10.51.20.jpg\"><img loading=\"lazy\" decoding=\"async\" width=\"300\" height=\"169\" src=\"https:\/\/iuk-fwbochum.de\/wp-content\/uploads\/2016\/06\/2016-06-20-10.51.20-300x169.jpg\" class=\"attachment-medium size-medium\" alt=\"\" srcset=\"https:\/\/iuk-fwbochum.de\/wp-content\/uploads\/2016\/06\/2016-06-20-10.51.20-300x169.jpg 300w, https:\/\/iuk-fwbochum.de\/wp-content\/uploads\/2016\/06\/2016-06-20-10.51.20-768x432.jpg 768w, https:\/\/iuk-fwbochum.de\/wp-content\/uploads\/2016\/06\/2016-06-20-10.51.20-1024x576.jpg 1024w\" sizes=\"auto, (max-width: 300px) 100vw, 300px\" \/><span class=\"image_title\"><\/span><\/a><\/div><br style=\"clear:both;\" \/><\/div><div class=\"gallery-row clearfix\"><div class=\"gallery-image gallery-image-1 gallery-image-i-4\"><a class=\"photobox\" rel=\"gallery3\" title=\"\" href=\"http:\/\/iuk-fwbochum.de\/wp-content\/uploads\/2016\/06\/2016-06-20-10.51.10.jpg\"><img loading=\"lazy\" decoding=\"async\" width=\"169\" height=\"300\" src=\"https:\/\/iuk-fwbochum.de\/wp-content\/uploads\/2016\/06\/2016-06-20-10.51.10-169x300.jpg\" class=\"attachment-medium size-medium\" alt=\"\" srcset=\"https:\/\/iuk-fwbochum.de\/wp-content\/uploads\/2016\/06\/2016-06-20-10.51.10-169x300.jpg 169w, https:\/\/iuk-fwbochum.de\/wp-content\/uploads\/2016\/06\/2016-06-20-10.51.10-768x1365.jpg 768w, https:\/\/iuk-fwbochum.de\/wp-content\/uploads\/2016\/06\/2016-06-20-10.51.10-576x1024.jpg 576w\" sizes=\"auto, (max-width: 169px) 100vw, 169px\" \/><span class=\"image_title\"><\/span><\/a><\/div><br style=\"clear:both;\" \/><\/div><\/div>\n<h2>Stauraum<\/h2>\n<p>Der Stauraum grenzt an das hintere Ende des Funkraums und ist von au\u00dfen zu erreichen.<\/p>\n<p>Im Stauraum sind u.a. auch untergebracht:<\/p>\n<ul>\n<li>Notstromaggregat<\/li>\n<li>diverse Utensilien zur Absicherung einer Unfall- \/ Einsatzstelle<\/li>\n<li>Notfalltasche<\/li>\n<li>Abdeckplanen<\/li>\n<li>Feuerl\u00f6scher<\/li>\n<li>Feuerl\u00f6schdecken<\/li>\n<li>Fluchthauben<\/li>\n<li>Atemschutzger\u00e4te<\/li>\n<li>Atemschutzmaske mit Filter P3<\/li>\n<li>Verl\u00e4ngerungskabel 230 V<\/li>\n<li>Antennenverbindungskabel zum U-Bahn-Funk<\/li>\n<li>Gummistiefel<\/li>\n<li>Megaphon<\/li>\n<li>Warnwesten und Warnschilder<\/li>\n<\/ul>\n<div id=\"gallery-4\" data-slideshowSpeed=\"2500\"  class=\"gallery-photo-box gallery-photos-box gallery galleryid-30 gallery-columns-2 clearfix\"><div class=\"gallery-row clearfix\"><div class=\"gallery-image gallery-image-1 gallery-image-i-1\"><a class=\"photobox\" rel=\"gallery4\" title=\"\" href=\"http:\/\/iuk-fwbochum.de\/wp-content\/uploads\/2016\/06\/2016-06-20-10.49.37.jpg\"><img loading=\"lazy\" decoding=\"async\" width=\"169\" height=\"300\" src=\"https:\/\/iuk-fwbochum.de\/wp-content\/uploads\/2016\/06\/2016-06-20-10.49.37-169x300.jpg\" class=\"attachment-medium size-medium\" alt=\"\" srcset=\"https:\/\/iuk-fwbochum.de\/wp-content\/uploads\/2016\/06\/2016-06-20-10.49.37-169x300.jpg 169w, https:\/\/iuk-fwbochum.de\/wp-content\/uploads\/2016\/06\/2016-06-20-10.49.37-768x1365.jpg 768w, https:\/\/iuk-fwbochum.de\/wp-content\/uploads\/2016\/06\/2016-06-20-10.49.37-576x1024.jpg 576w\" sizes=\"auto, (max-width: 169px) 100vw, 169px\" \/><span class=\"image_title\"><\/span><\/a><\/div><div class=\"gallery-image gallery-image-2 gallery-image-i-2\"><a class=\"photobox\" rel=\"gallery4\" title=\"\" href=\"http:\/\/iuk-fwbochum.de\/wp-content\/uploads\/2016\/06\/2016-06-20-10.49.52.jpg\"><img loading=\"lazy\" decoding=\"async\" width=\"169\" height=\"300\" src=\"https:\/\/iuk-fwbochum.de\/wp-content\/uploads\/2016\/06\/2016-06-20-10.49.52-169x300.jpg\" class=\"attachment-medium size-medium\" alt=\"\" srcset=\"https:\/\/iuk-fwbochum.de\/wp-content\/uploads\/2016\/06\/2016-06-20-10.49.52-169x300.jpg 169w, https:\/\/iuk-fwbochum.de\/wp-content\/uploads\/2016\/06\/2016-06-20-10.49.52-768x1365.jpg 768w, https:\/\/iuk-fwbochum.de\/wp-content\/uploads\/2016\/06\/2016-06-20-10.49.52-576x1024.jpg 576w\" sizes=\"auto, (max-width: 169px) 100vw, 169px\" \/><span class=\"image_title\"><\/span><\/a><\/div><br style=\"clear:both;\" \/><\/div><\/div>\n","protected":false},"excerpt":{"rendered":"<p>Fahrzeughersteller:\u00a0Mercedes-Benz Fahrzeugtyp: \u00a0 \u00a0 \u00a0 \u00a0 \u00a0 \u00a0Sprinter 313 cdi \u00a0(EZ: August 2005) Fahrzeugausbauer: Fa.\u00a0TDS (heute Fa.\u00a0Friedrich Leutert GmbH &amp;<\/p>\n","protected":false},"author":1,"featured_media":0,"parent":18,"menu_order":2,"comment_status":"closed","ping_status":"closed","template":"","meta":{"colormag_page_container_layout":"default_layout","colormag_page_sidebar_layout":"default_layout","footnotes":""},"class_list":["post-30","page","type-page","status-publish","hentry"],"_links":{"self":[{"href":"https:\/\/iuk-fwbochum.de\/index.php?rest_route=\/wp\/v2\/pages\/30","targetHints":{"allow":["GET"]}}],"collection":[{"href":"https:\/\/iuk-fwbochum.de\/index.php?rest_route=\/wp\/v2\/pages"}],"about":[{"href":"https:\/\/iuk-fwbochum.de\/index.php?rest_route=\/wp\/v2\/types\/page"}],"author":[{"embeddable":true,"href":"https:\/\/iuk-fwbochum.de\/index.php?rest_route=\/wp\/v2\/users\/1"}],"replies":[{"embeddable":true,"href":"https:\/\/iuk-fwbochum.de\/index.php?rest_route=%2Fwp%2Fv2%2Fcomments&post=30"}],"version-history":[{"count":20,"href":"https:\/\/iuk-fwbochum.de\/index.php?rest_route=\/wp\/v2\/pages\/30\/revisions"}],"predecessor-version":[{"id":1224,"href":"https:\/\/iuk-fwbochum.de\/index.php?rest_route=\/wp\/v2\/pages\/30\/revisions\/1224"}],"up":[{"embeddable":true,"href":"https:\/\/iuk-fwbochum.de\/index.php?rest_route=\/wp\/v2\/pages\/18"}],"wp:attachment":[{"href":"https:\/\/iuk-fwbochum.de\/index.php?rest_route=%2Fwp%2Fv2%2Fmedia&parent=30"}],"curies":[{"name":"wp","href":"https:\/\/api.w.org\/{rel}","templated":true}]}}