{"id":33,"date":"2016-04-06T00:38:57","date_gmt":"2016-04-05T22:38:57","guid":{"rendered":"http:\/\/iuk-fwbochum.de\/?page_id=33"},"modified":"2016-06-17T08:32:03","modified_gmt":"2016-06-17T06:32:03","slug":"mtf","status":"publish","type":"page","link":"https:\/\/iuk-fwbochum.de\/?page_id=33","title":{"rendered":"40 ELW 1-1 (MTF)"},"content":{"rendered":"<p>Fahrzeughersteller: Renault<br \/>\nFahrzeugtyp: Master\u00a0 (EZ: August 2014)<\/p>\n<p>Fahrzeugausbauer: Fa. P\u00fctting-Fahrzeugbau<br \/>\nHalter: Feuerwehr Stadt Bochum<\/p>\n<p>&nbsp;<\/p>\n<h2>Verwendung<\/h2>\n<p>Das MTF (40 ELW 1-1) der Freiwilligen Feuerwehr Stadt Bochum wird zur Unterst\u00fctzung von Sondereins\u00e4tzen genutzt und an au\u00dfergew\u00f6hnlichen Einsatzstellen, an denen grunds\u00e4tzlich die Einrichtung verschiedener Einsatzabschnitte nach taktischen oder r\u00e4umlichen Gesichtspunkten notwendig ist.\u00a0 Dies ist zum Beispiel die F\u00fchrung eines Bereitstellungsraumes oder kleinere Einsatzabschnitte.<\/p>\n<h2>Fahrerraum<\/h2>\n<p>Der Fahrerraum ist ausgestattet mit<br \/>\n\u2022 4m BOS-Funk (Bedienger\u00e4t,\u00a0 Funkh\u00f6rer und Funklautsprecher)<br \/>\n\u2022 Sondersignalanlage (Bedienger\u00e4t und Steuerger\u00e4t)<br \/>\n\u2022 Bluetooth mit Telefonfreisprechanlage<br \/>\n\u2022 umklappbarer Mittelsitz &#8211; als (drehbarer) Schreibtisch f\u00fcr den Beifahrer nutzbar<br \/>\n\u2022 Mikrofon f\u00fcr Sprachdurchsage ELA<br \/>\n\u2022 Spannungswandler 12 V auf 230 V<\/p>\n<p>&nbsp;<\/p>\n<h2>Funkraum \/ Mannschaftsraum<\/h2>\n<p>Der Funkraum\/Mannschaftsraum\u00a0 befindet sich hinter dem Fahrerraum\u00a0 und ist ausgestattet mit einem eingerichteten Funk-Arbeitsplatz, bestehend aus<br \/>\n\u2022 zwei Bedienger\u00e4ten 2m,<br \/>\n\u2022 zwei Bedienger\u00e4ten TETRA,<br \/>\n\u2022 einem Bedienger\u00e4t 4m<br \/>\n\u2022 zwei 230 V Steckdosen und zwei 12 V Steckdosen<\/p>\n<h2>Stauraum<\/h2>\n<p>Der Stauraum grenzt an das hintere Ende des Funkraum\/Mannschaftsraum und ist von au\u00dfen zu erreichen erreichen.<br \/>\nIm Stauraum sind u.a. auch untergebracht:<br \/>\n\u2022 Notstromaggregat<br \/>\n\u2022 diverse Uttensilien zur Absicherung einer Unfall-\/Einsatzstelle<br \/>\n\u2022 eine Notfalltasche<\/p>\n<div id=\"gallery-1\" data-slideshowSpeed=\"2500\"  class=\"gallery-photo-box gallery-photos-box gallery galleryid-33 gallery-columns-3 clearfix\"><div class=\"gallery-row clearfix\"><div class=\"gallery-image gallery-image-1 gallery-image-i-1\"><a class=\"photobox\" rel=\"gallery1\" title=\"\" href=\"http:\/\/iuk-fwbochum.de\/wp-content\/uploads\/2016\/04\/002-1.jpg\"><img loading=\"lazy\" decoding=\"async\" width=\"300\" height=\"169\" src=\"https:\/\/iuk-fwbochum.de\/wp-content\/uploads\/2016\/04\/002-1-300x169.jpg\" class=\"attachment-medium size-medium\" alt=\"\" srcset=\"https:\/\/iuk-fwbochum.de\/wp-content\/uploads\/2016\/04\/002-1-300x169.jpg 300w, https:\/\/iuk-fwbochum.de\/wp-content\/uploads\/2016\/04\/002-1-768x433.jpg 768w, https:\/\/iuk-fwbochum.de\/wp-content\/uploads\/2016\/04\/002-1-1024x577.jpg 1024w, https:\/\/iuk-fwbochum.de\/wp-content\/uploads\/2016\/04\/002-1.jpg 1200w\" sizes=\"auto, (max-width: 300px) 100vw, 300px\" \/><\/a><\/div><div class=\"gallery-image gallery-image-2 gallery-image-i-2\"><a class=\"photobox\" rel=\"gallery1\" title=\"\" href=\"http:\/\/iuk-fwbochum.de\/wp-content\/uploads\/2016\/04\/005-1.jpg\"><img loading=\"lazy\" decoding=\"async\" width=\"300\" height=\"169\" src=\"https:\/\/iuk-fwbochum.de\/wp-content\/uploads\/2016\/04\/005-1-300x169.jpg\" class=\"attachment-medium size-medium\" alt=\"\" srcset=\"https:\/\/iuk-fwbochum.de\/wp-content\/uploads\/2016\/04\/005-1-300x169.jpg 300w, https:\/\/iuk-fwbochum.de\/wp-content\/uploads\/2016\/04\/005-1-768x433.jpg 768w, https:\/\/iuk-fwbochum.de\/wp-content\/uploads\/2016\/04\/005-1-1024x577.jpg 1024w, https:\/\/iuk-fwbochum.de\/wp-content\/uploads\/2016\/04\/005-1.jpg 1200w\" sizes=\"auto, (max-width: 300px) 100vw, 300px\" \/><\/a><\/div><div class=\"gallery-image gallery-image-3 gallery-image-i-3\"><a class=\"photobox\" rel=\"gallery1\" title=\"\" href=\"http:\/\/iuk-fwbochum.de\/wp-content\/uploads\/2016\/04\/006.jpg\"><img loading=\"lazy\" decoding=\"async\" width=\"300\" height=\"169\" src=\"https:\/\/iuk-fwbochum.de\/wp-content\/uploads\/2016\/04\/006-300x169.jpg\" class=\"attachment-medium size-medium\" alt=\"\" srcset=\"https:\/\/iuk-fwbochum.de\/wp-content\/uploads\/2016\/04\/006-300x169.jpg 300w, https:\/\/iuk-fwbochum.de\/wp-content\/uploads\/2016\/04\/006-768x433.jpg 768w, https:\/\/iuk-fwbochum.de\/wp-content\/uploads\/2016\/04\/006-1024x577.jpg 1024w, https:\/\/iuk-fwbochum.de\/wp-content\/uploads\/2016\/04\/006.jpg 1200w\" sizes=\"auto, (max-width: 300px) 100vw, 300px\" \/><\/a><\/div><br style=\"clear:both;\" \/><\/div><div class=\"gallery-row clearfix\"><div class=\"gallery-image gallery-image-1 gallery-image-i-4\"><a class=\"photobox\" rel=\"gallery1\" title=\"\" href=\"http:\/\/iuk-fwbochum.de\/wp-content\/uploads\/2016\/04\/007.jpg\"><img loading=\"lazy\" decoding=\"async\" width=\"300\" height=\"169\" src=\"https:\/\/iuk-fwbochum.de\/wp-content\/uploads\/2016\/04\/007-300x169.jpg\" class=\"attachment-medium size-medium\" alt=\"\" srcset=\"https:\/\/iuk-fwbochum.de\/wp-content\/uploads\/2016\/04\/007-300x169.jpg 300w, https:\/\/iuk-fwbochum.de\/wp-content\/uploads\/2016\/04\/007-768x433.jpg 768w, https:\/\/iuk-fwbochum.de\/wp-content\/uploads\/2016\/04\/007-1024x577.jpg 1024w, https:\/\/iuk-fwbochum.de\/wp-content\/uploads\/2016\/04\/007.jpg 1200w\" sizes=\"auto, (max-width: 300px) 100vw, 300px\" \/><\/a><\/div><div class=\"gallery-image gallery-image-2 gallery-image-i-5\"><a class=\"photobox\" rel=\"gallery1\" title=\"\" href=\"http:\/\/iuk-fwbochum.de\/wp-content\/uploads\/2016\/04\/007a.jpg\"><img loading=\"lazy\" decoding=\"async\" width=\"300\" height=\"169\" src=\"https:\/\/iuk-fwbochum.de\/wp-content\/uploads\/2016\/04\/007a-300x169.jpg\" class=\"attachment-medium size-medium\" alt=\"\" srcset=\"https:\/\/iuk-fwbochum.de\/wp-content\/uploads\/2016\/04\/007a-300x169.jpg 300w, https:\/\/iuk-fwbochum.de\/wp-content\/uploads\/2016\/04\/007a-768x433.jpg 768w, https:\/\/iuk-fwbochum.de\/wp-content\/uploads\/2016\/04\/007a-1024x577.jpg 1024w, https:\/\/iuk-fwbochum.de\/wp-content\/uploads\/2016\/04\/007a.jpg 1200w\" sizes=\"auto, (max-width: 300px) 100vw, 300px\" \/><\/a><\/div><div class=\"gallery-image gallery-image-3 gallery-image-i-6\"><a class=\"photobox\" rel=\"gallery1\" title=\"\" href=\"http:\/\/iuk-fwbochum.de\/wp-content\/uploads\/2016\/04\/P1060885.jpg\"><img loading=\"lazy\" decoding=\"async\" width=\"300\" height=\"169\" src=\"https:\/\/iuk-fwbochum.de\/wp-content\/uploads\/2016\/04\/P1060885-300x169.jpg\" class=\"attachment-medium size-medium\" alt=\"\" srcset=\"https:\/\/iuk-fwbochum.de\/wp-content\/uploads\/2016\/04\/P1060885-300x169.jpg 300w, https:\/\/iuk-fwbochum.de\/wp-content\/uploads\/2016\/04\/P1060885-768x433.jpg 768w, https:\/\/iuk-fwbochum.de\/wp-content\/uploads\/2016\/04\/P1060885-1024x577.jpg 1024w, https:\/\/iuk-fwbochum.de\/wp-content\/uploads\/2016\/04\/P1060885.jpg 1200w\" sizes=\"auto, (max-width: 300px) 100vw, 300px\" \/><\/a><\/div><br style=\"clear:both;\" \/><\/div><div class=\"gallery-row clearfix\"><div class=\"gallery-image gallery-image-1 gallery-image-i-7\"><a class=\"photobox\" rel=\"gallery1\" title=\"\" href=\"http:\/\/iuk-fwbochum.de\/wp-content\/uploads\/2016\/04\/P1060880.jpg\"><img loading=\"lazy\" decoding=\"async\" width=\"300\" height=\"169\" src=\"https:\/\/iuk-fwbochum.de\/wp-content\/uploads\/2016\/04\/P1060880-300x169.jpg\" class=\"attachment-medium size-medium\" alt=\"\" srcset=\"https:\/\/iuk-fwbochum.de\/wp-content\/uploads\/2016\/04\/P1060880-300x169.jpg 300w, https:\/\/iuk-fwbochum.de\/wp-content\/uploads\/2016\/04\/P1060880-768x433.jpg 768w, https:\/\/iuk-fwbochum.de\/wp-content\/uploads\/2016\/04\/P1060880-1024x577.jpg 1024w, https:\/\/iuk-fwbochum.de\/wp-content\/uploads\/2016\/04\/P1060880.jpg 1200w\" sizes=\"auto, (max-width: 300px) 100vw, 300px\" \/><\/a><\/div><div class=\"gallery-image gallery-image-2 gallery-image-i-8\"><a class=\"photobox\" rel=\"gallery1\" title=\"\" href=\"http:\/\/iuk-fwbochum.de\/wp-content\/uploads\/2016\/04\/P1060854.jpg\"><img loading=\"lazy\" decoding=\"async\" width=\"300\" height=\"169\" src=\"https:\/\/iuk-fwbochum.de\/wp-content\/uploads\/2016\/04\/P1060854-300x169.jpg\" class=\"attachment-medium size-medium\" alt=\"\" srcset=\"https:\/\/iuk-fwbochum.de\/wp-content\/uploads\/2016\/04\/P1060854-300x169.jpg 300w, https:\/\/iuk-fwbochum.de\/wp-content\/uploads\/2016\/04\/P1060854-768x433.jpg 768w, https:\/\/iuk-fwbochum.de\/wp-content\/uploads\/2016\/04\/P1060854-1024x577.jpg 1024w, https:\/\/iuk-fwbochum.de\/wp-content\/uploads\/2016\/04\/P1060854.jpg 1200w\" sizes=\"auto, (max-width: 300px) 100vw, 300px\" \/><\/a><\/div><div class=\"gallery-image gallery-image-3 gallery-image-i-9\"><a class=\"photobox\" rel=\"gallery1\" title=\"\" href=\"http:\/\/iuk-fwbochum.de\/wp-content\/uploads\/2016\/04\/P1060844.jpg\"><img loading=\"lazy\" decoding=\"async\" width=\"300\" height=\"169\" src=\"https:\/\/iuk-fwbochum.de\/wp-content\/uploads\/2016\/04\/P1060844-300x169.jpg\" class=\"attachment-medium size-medium\" alt=\"\" srcset=\"https:\/\/iuk-fwbochum.de\/wp-content\/uploads\/2016\/04\/P1060844-300x169.jpg 300w, https:\/\/iuk-fwbochum.de\/wp-content\/uploads\/2016\/04\/P1060844-768x433.jpg 768w, https:\/\/iuk-fwbochum.de\/wp-content\/uploads\/2016\/04\/P1060844-1024x577.jpg 1024w, https:\/\/iuk-fwbochum.de\/wp-content\/uploads\/2016\/04\/P1060844.jpg 1200w\" sizes=\"auto, (max-width: 300px) 100vw, 300px\" \/><\/a><\/div><br style=\"clear:both;\" \/><\/div><\/div>\n","protected":false},"excerpt":{"rendered":"<p>Fahrzeughersteller: Renault Fahrzeugtyp: Master\u00a0 (EZ: August 2014) Fahrzeugausbauer: Fa. P\u00fctting-Fahrzeugbau Halter: Feuerwehr Stadt Bochum &nbsp; Verwendung Das MTF (40 ELW<\/p>\n","protected":false},"author":1,"featured_media":0,"parent":18,"menu_order":3,"comment_status":"closed","ping_status":"closed","template":"","meta":{"colormag_page_container_layout":"default_layout","colormag_page_sidebar_layout":"default_layout","footnotes":""},"class_list":["post-33","page","type-page","status-publish","hentry"],"_links":{"self":[{"href":"https:\/\/iuk-fwbochum.de\/index.php?rest_route=\/wp\/v2\/pages\/33","targetHints":{"allow":["GET"]}}],"collection":[{"href":"https:\/\/iuk-fwbochum.de\/index.php?rest_route=\/wp\/v2\/pages"}],"about":[{"href":"https:\/\/iuk-fwbochum.de\/index.php?rest_route=\/wp\/v2\/types\/page"}],"author":[{"embeddable":true,"href":"https:\/\/iuk-fwbochum.de\/index.php?rest_route=\/wp\/v2\/users\/1"}],"replies":[{"embeddable":true,"href":"https:\/\/iuk-fwbochum.de\/index.php?rest_route=%2Fwp%2Fv2%2Fcomments&post=33"}],"version-history":[{"count":22,"href":"https:\/\/iuk-fwbochum.de\/index.php?rest_route=\/wp\/v2\/pages\/33\/revisions"}],"predecessor-version":[{"id":405,"href":"https:\/\/iuk-fwbochum.de\/index.php?rest_route=\/wp\/v2\/pages\/33\/revisions\/405"}],"up":[{"embeddable":true,"href":"https:\/\/iuk-fwbochum.de\/index.php?rest_route=\/wp\/v2\/pages\/18"}],"wp:attachment":[{"href":"https:\/\/iuk-fwbochum.de\/index.php?rest_route=%2Fwp%2Fv2%2Fmedia&parent=33"}],"curies":[{"name":"wp","href":"https:\/\/api.w.org\/{rel}","templated":true}]}}