{"id":47,"date":"2016-04-06T09:59:34","date_gmt":"2016-04-06T07:59:34","guid":{"rendered":"http:\/\/iuk-fwbochum.de\/?page_id=47"},"modified":"2020-07-14T09:36:03","modified_gmt":"2020-07-14T07:36:03","slug":"geschichte","status":"publish","type":"page","link":"https:\/\/iuk-fwbochum.de\/?page_id=47","title":{"rendered":"Geschichte"},"content":{"rendered":"<p><strong>Die Entstehung der SE IuK<\/strong><\/p>\n<p><strong><br \/>\n<\/strong><strong><\/strong>Im September 2003 wurde die damalige Fernmeldeeinheit FE 40 gegr\u00fcndet.<\/p>\n<p><b>Zur Vorgeschichte:<\/b><\/p>\n<p>1990 wurde von der Berufsfeuerwehr Bochum der erste G-<wbr>EKW (Gro\u00dfraum &#8211;<wbr> Einsatzkommandowagen) beschafft. Das damalige Fahrzeug war ein gebrauchter Niederflurbus eines \u00f6rtlichen Unternehmens f\u00fcr den \u00f6ffentlichen Personennahverkehr, welcher f\u00fcr die Zwecke der Feuerwehr Bochum in Eigenregie umgebaut wurde. Besetzt wurde der G-<wbr>EKW durch das Personal der Leitstelle.<\/p>\n<p>Im Jahre 2002 wurde aus aktiven Mitgliedern der Freiwilligen Feuerwehr Bochum die Gruppe der sogenannten &#8222;F\u00fchrungsgehilfen Leitstelle&#8220; ins Leben gerufen. Diese Gruppe stellte zu seiner Zeit keine eigenst\u00e4ndige Einheit dar, denn die angeh\u00f6rigen Kr\u00e4fte verblieben weiterhin in ihren Stammeinheiten.<\/p>\n<p>Im gleichen Jahr signalisierte der T\u00dcV, dass der damalige G-<wbr>EKW keine neue T\u00dcV-<wbr>Plakette mehr erhalten wird. Es zeigte sich auch, dass eine Instandsetzung wirtschaftlich nicht mehr vertretbar war. Somit musste an eine Ersatzbeschaffung gedacht werden.<\/p>\n<p>Im Verlauf der Jahre kamen neue Anforderungen an ein F\u00fchrungsmittel hinzu. Dies geschah auf Grund der Tatsache, dass der Regierungspr\u00e4sident Arnsberg f\u00fcr seinem Bezirk ein v\u00f6llig neues Konzept zur \u00fcber\u00f6rtlichen Hilfe gr\u00f6\u00dferen Umfangs aufstellte und gleichzeitig der Feuerwehr Bochum die dazugeh\u00f6rige Abteilungsf\u00fchrung \u00fcbertrug.<\/p>\n<p>Weiterhin \u00fcberschlugen sich zum damaligen Zeitpunkt die Ereignisse in der Welt, durch eine neue Form des internationalen Terrorismus.<\/p>\n<p>So entstand beim damaligen Branddirektor Werner Schlochtermeier die Idee zur Ersatzbeschaffung eines neuen Gro\u00dfraum-<wbr>Einsatzkommandowagens und im weiteren Verlauf auch die Idee zur Gr\u00fcndung einer eigenst\u00e4ndigen Fernmeldeeinheit der Freiwilligen Feuerwehr Bochum. Diese Einheit sollte den Bus betreiben und somit auch gleichzeitig das Leistellenpersonal unterst\u00fctzen.<\/p>\n","protected":false},"excerpt":{"rendered":"<p>Die Entstehung der SE IuK Im September 2003 wurde die damalige Fernmeldeeinheit FE 40 gegr\u00fcndet. Zur Vorgeschichte: 1990 wurde von<\/p>\n","protected":false},"author":1,"featured_media":0,"parent":0,"menu_order":0,"comment_status":"closed","ping_status":"closed","template":"","meta":{"colormag_page_container_layout":"default_layout","colormag_page_sidebar_layout":"default_layout","footnotes":""},"class_list":["post-47","page","type-page","status-publish","hentry"],"_links":{"self":[{"href":"https:\/\/iuk-fwbochum.de\/index.php?rest_route=\/wp\/v2\/pages\/47","targetHints":{"allow":["GET"]}}],"collection":[{"href":"https:\/\/iuk-fwbochum.de\/index.php?rest_route=\/wp\/v2\/pages"}],"about":[{"href":"https:\/\/iuk-fwbochum.de\/index.php?rest_route=\/wp\/v2\/types\/page"}],"author":[{"embeddable":true,"href":"https:\/\/iuk-fwbochum.de\/index.php?rest_route=\/wp\/v2\/users\/1"}],"replies":[{"embeddable":true,"href":"https:\/\/iuk-fwbochum.de\/index.php?rest_route=%2Fwp%2Fv2%2Fcomments&post=47"}],"version-history":[{"count":2,"href":"https:\/\/iuk-fwbochum.de\/index.php?rest_route=\/wp\/v2\/pages\/47\/revisions"}],"predecessor-version":[{"id":1090,"href":"https:\/\/iuk-fwbochum.de\/index.php?rest_route=\/wp\/v2\/pages\/47\/revisions\/1090"}],"wp:attachment":[{"href":"https:\/\/iuk-fwbochum.de\/index.php?rest_route=%2Fwp%2Fv2%2Fmedia&parent=47"}],"curies":[{"name":"wp","href":"https:\/\/api.w.org\/{rel}","templated":true}]}}